{"id":19,"date":"2020-03-30T20:40:04","date_gmt":"2020-03-30T20:40:04","guid":{"rendered":"https:\/\/linstitutdelaura.fr\/?page_id=19"},"modified":"2026-01-30T09:19:10","modified_gmt":"2026-01-30T09:19:10","slug":"massage-du-monde","status":"publish","type":"page","link":"https:\/\/linstitutdelaura.fr\/?page_id=19","title":{"rendered":"Massage du Monde"},"content":{"rendered":"\n<figure class=\"wp-block-table is-style-stripes\"><table><tbody><tr><td>Balinais<br><em>Il associe digito pression et \u00e9tirements, ce massage ancestral<\/em> <em>\u00e0 pour but d\u2019apaiser et de d\u00e9tendre l\u2019esprit<\/em><\/td><\/tr><tr><td>Su\u00e9dois<br><em>Massage fort et puissant pour agir en profondeur sur<\/em> <em>les tensions musculaire, id\u00e9al pour les sportifs.<\/em><\/td><\/tr><tr><td>Hawaien<br><em>Participe \u00e0 lib\u00e9rer les n\u0153uds et tensions bloqu\u00e9es dans<\/em> <em>le corps au moyen de pressions gliss\u00e9es des avant bras.<\/em><\/td><\/tr><tr><td>Californien<br><em>Massage doux, relaxant et enveloppant permet d\u2019am\u00e9liorer<\/em> <em>la circulation sanguine et de d\u00e9tendre.<\/em><\/td><\/tr><tr><td>Ayurv\u00e9da<br><em>Massage tonique et rythm\u00e9, action sur le syst\u00e8me nerveux,<\/em> <em>meilleure gestion du stress.<\/em><\/td><\/tr><tr><td>Shirotchampie<br><em>Massage indien t\u00eate , \u00e9paules, cou consistant \u00e0 \u00e9vacuer toutes les tensions et le stress<\/em><em>.<\/em><\/td><\/tr><tr><td>Pierres chaudes<br><em>Relaxant et doux, tr\u00e8s r\u00e9confortant \u00e0 travers la chaleur<\/em> <em>des pierres de basalte, R\u00e9\u00e9quilibre des \u00e9nergies.<\/em> <em>Participe \u00e0 l\u2019\u00e9vacuation du stress.<\/em><\/td><\/tr><tr><td>Massage avec accessoires (pochons)<br><em>Permet une relaxation profonde.<\/em><\/td><\/tr><\/tbody><\/table><\/figure>\n\n\n\n<div class=\"wp-block-media-text alignwide is-stacked-on-mobile\"><figure class=\"wp-block-media-text__media\"><img loading=\"lazy\" decoding=\"async\" width=\"940\" height=\"788\" src=\"https:\/\/linstitutdelaura.fr\/wp-content\/uploads\/2020\/07\/Gris-\u00c9t\u00e9-Enfants-Souvenirs-amusants-Publication-Facebook5.png\" alt=\"\" class=\"wp-image-221 size-full\" srcset=\"https:\/\/linstitutdelaura.fr\/wp-content\/uploads\/2020\/07\/Gris-\u00c9t\u00e9-Enfants-Souvenirs-amusants-Publication-Facebook5.png 940w, https:\/\/linstitutdelaura.fr\/wp-content\/uploads\/2020\/07\/Gris-\u00c9t\u00e9-Enfants-Souvenirs-amusants-Publication-Facebook5-300x251.png 300w, https:\/\/linstitutdelaura.fr\/wp-content\/uploads\/2020\/07\/Gris-\u00c9t\u00e9-Enfants-Souvenirs-amusants-Publication-Facebook5-768x644.png 768w\" sizes=\"auto, (max-width: 940px) 100vw, 940px\" \/><\/figure><div class=\"wp-block-media-text__content\">\n<p class=\"has-text-align-center has-large-font-size\">Forfait<\/p>\n\n\n\n<figure class=\"wp-block-table is-style-stripes\"><table><tbody><tr><td>30min<\/td><td>47\u20ac<\/td><\/tr><tr><td>45min<\/td><td>57\u20ac<\/td><\/tr><tr><td>60min<\/td><td>67\u20ac<\/td><\/tr><\/tbody><\/table><\/figure>\n<\/div><\/div>\n\n\n\n<p><\/p>\n","protected":false},"excerpt":{"rendered":"<p>BalinaisIl associe digito pression et \u00e9tirements, ce massage ancestral \u00e0 pour but d\u2019apaiser et de d\u00e9tendre l\u2019esprit Su\u00e9doisMassage fort et puissant pour agir en profondeur sur les tensions musculaire, id\u00e9al pour les sportifs. HawaienParticipe \u00e0 lib\u00e9rer les n\u0153uds et tensions bloqu\u00e9es dans le corps au moyen de pressions gliss\u00e9es des avant bras. CalifornienMassage doux, relaxant et enveloppant permet d\u2019am\u00e9liorer la circulation sanguine et de d\u00e9tendre. Ayurv\u00e9daMassage tonique et rythm\u00e9, action sur le syst\u00e8me nerveux, meilleure gestion du stress. ShirotchampieMassage indien t\u00eate , \u00e9paules, cou consistant \u00e0 \u00e9vacuer toutes les tensions et le stress. Pierres chaudesRelaxant et doux, tr\u00e8s r\u00e9confortant \u00e0 travers la chaleur des pierres de basalte, R\u00e9\u00e9quilibre des \u00e9nergies. Participe \u00e0 l\u2019\u00e9vacuation du stress. Massage avec accessoires (pochons)Permet une relaxation profonde. Forfait 30min 47\u20ac 45min 57\u20ac 60min 67\u20ac<\/p>\n","protected":false},"author":2,"featured_media":0,"parent":0,"menu_order":0,"comment_status":"closed","ping_status":"closed","template":"","meta":{"footnotes":""},"class_list":["post-19","page","type-page","status-publish","hentry"],"_links":{"self":[{"href":"https:\/\/linstitutdelaura.fr\/index.php?rest_route=\/wp\/v2\/pages\/19","targetHints":{"allow":["GET"]}}],"collection":[{"href":"https:\/\/linstitutdelaura.fr\/index.php?rest_route=\/wp\/v2\/pages"}],"about":[{"href":"https:\/\/linstitutdelaura.fr\/index.php?rest_route=\/wp\/v2\/types\/page"}],"author":[{"embeddable":true,"href":"https:\/\/linstitutdelaura.fr\/index.php?rest_route=\/wp\/v2\/users\/2"}],"replies":[{"embeddable":true,"href":"https:\/\/linstitutdelaura.fr\/index.php?rest_route=%2Fwp%2Fv2%2Fcomments&post=19"}],"version-history":[{"count":5,"href":"https:\/\/linstitutdelaura.fr\/index.php?rest_route=\/wp\/v2\/pages\/19\/revisions"}],"predecessor-version":[{"id":622,"href":"https:\/\/linstitutdelaura.fr\/index.php?rest_route=\/wp\/v2\/pages\/19\/revisions\/622"}],"wp:attachment":[{"href":"https:\/\/linstitutdelaura.fr\/index.php?rest_route=%2Fwp%2Fv2%2Fmedia&parent=19"}],"curies":[{"name":"wp","href":"https:\/\/api.w.org\/{rel}","templated":true}]}}